{"id":2662,"date":"2019-08-27T05:23:15","date_gmt":"2019-08-27T05:23:15","guid":{"rendered":"http:\/\/hostrecyclers.com\/wp\/wrap\/social-media\/"},"modified":"2025-12-29T10:30:08","modified_gmt":"2025-12-29T10:30:08","slug":"sociale-media","status":"publish","type":"page","link":"https:\/\/2wrap.com\/nl\/social-media\/","title":{"rendered":"sociale media"},"content":{"rendered":"<div data-elementor-type=\"wp-page\" data-elementor-id=\"2662\" class=\"elementor elementor-2662\" data-elementor-post-type=\"page\">\n\t\t\t\t\t\t<section data-angle=\"-45deg\" data-color=\"#FFFFFF\" class=\"has_eae_slider elementor-section elementor-top-section elementor-element elementor-element-34acdca elementor-section-stretched eae-animated-gradient-yes elementor-section-height-full elementor-section-boxed elementor-section-height-default elementor-section-items-middle\" data-eae-slider=\"53045\" data-particle_enable=\"false\" data-particle-mobile-disabled=\"false\" data-id=\"34acdca\" data-element_type=\"section\" data-e-type=\"section\" data-settings=\"{&quot;stretch_section&quot;:&quot;section-stretched&quot;,&quot;background_background&quot;:&quot;gradient&quot;}\">\n\t\t\t\t\t\t\t<div class=\"elementor-background-overlay\"><\/div>\n\t\t\t\t\t\t\t<div class=\"elementor-container elementor-column-gap-default\">\n\t\t\t\t\t<div class=\"has_eae_slider elementor-column elementor-col-100 elementor-top-column elementor-element elementor-element-f044de0\" data-eae-slider=\"81083\" data-id=\"f044de0\" data-element_type=\"column\" data-e-type=\"column\">\n\t\t\t<div class=\"elementor-widget-wrap elementor-element-populated\">\n\t\t\t\t\t\t<div class=\"elementor-element elementor-element-8bb955a elementor-widget elementor-widget-spacer\" data-id=\"8bb955a\" data-element_type=\"widget\" data-e-type=\"widget\" data-widget_type=\"spacer.default\">\n\t\t\t\t<div class=\"elementor-widget-container\">\n\t\t\t\t\t\t\t<div class=\"elementor-spacer\">\n\t\t\t<div class=\"elementor-spacer-inner\"><\/div>\n\t\t<\/div>\n\t\t\t\t\t\t<\/div>\n\t\t\t\t<\/div>\n\t\t\t\t<div class=\"elementor-element elementor-element-8f84e0d elementor-widget elementor-widget-image\" data-id=\"8f84e0d\" data-element_type=\"widget\" data-e-type=\"widget\" data-widget_type=\"image.default\">\n\t\t\t\t<div class=\"elementor-widget-container\">\n\t\t\t\t\t\t\t\t\t\t\t\t\t\t\t<img decoding=\"async\" width=\"150\" height=\"150\" src=\"https:\/\/2wrap.com\/wp-content\/uploads\/2021\/07\/insta-150x150.png\" class=\"attachment-thumbnail size-thumbnail wp-image-12107\" alt=\"\" srcset=\"https:\/\/2wrap.com\/wp-content\/uploads\/2021\/07\/insta-150x150.png 150w, https:\/\/2wrap.com\/wp-content\/uploads\/2021\/07\/insta-300x300.png 300w, https:\/\/2wrap.com\/wp-content\/uploads\/2021\/07\/insta-100x100.png 100w, https:\/\/2wrap.com\/wp-content\/uploads\/2021\/07\/insta-298x300.png 298w, https:\/\/2wrap.com\/wp-content\/uploads\/2021\/07\/insta-1x1.png 1w, https:\/\/2wrap.com\/wp-content\/uploads\/2021\/07\/insta-250x250.png 250w, https:\/\/2wrap.com\/wp-content\/uploads\/2021\/07\/insta-120x120.png 120w, https:\/\/2wrap.com\/wp-content\/uploads\/2021\/07\/insta.png 367w\" sizes=\"(max-width: 150px) 100vw, 150px\" \/>\t\t\t\t\t\t\t\t\t\t\t\t\t\t\t<\/div>\n\t\t\t\t<\/div>\n\t\t\t\t<div class=\"elementor-element elementor-element-c3fb629 elementor-widget elementor-widget-spacer\" data-id=\"c3fb629\" data-element_type=\"widget\" data-e-type=\"widget\" data-widget_type=\"spacer.default\">\n\t\t\t\t<div class=\"elementor-widget-container\">\n\t\t\t\t\t\t\t<div class=\"elementor-spacer\">\n\t\t\t<div class=\"elementor-spacer-inner\"><\/div>\n\t\t<\/div>\n\t\t\t\t\t\t<\/div>\n\t\t\t\t<\/div>\n\t\t\t\t\t<\/div>\n\t\t<\/div>\n\t\t\t\t\t<\/div>\n\t\t<\/section>\n\t\t\t\t<section class=\"has_eae_slider elementor-section elementor-top-section elementor-element elementor-element-243fa67 elementor-section-boxed elementor-section-height-default elementor-section-height-default\" data-eae-slider=\"57498\" data-particle_enable=\"false\" data-particle-mobile-disabled=\"false\" data-id=\"243fa67\" data-element_type=\"section\" data-e-type=\"section\" data-settings=\"{&quot;background_background&quot;:&quot;classic&quot;}\">\n\t\t\t\t\t\t<div class=\"elementor-container elementor-column-gap-default\">\n\t\t\t\t\t<div class=\"has_eae_slider elementor-column elementor-col-100 elementor-top-column elementor-element elementor-element-b99c0fe\" data-eae-slider=\"25059\" data-id=\"b99c0fe\" data-element_type=\"column\" data-e-type=\"column\">\n\t\t\t<div class=\"elementor-widget-wrap elementor-element-populated\">\n\t\t\t\t\t\t<div class=\"elementor-element elementor-element-8702f13 elementor-widget elementor-widget-spacer\" data-id=\"8702f13\" data-element_type=\"widget\" data-e-type=\"widget\" data-widget_type=\"spacer.default\">\n\t\t\t\t<div class=\"elementor-widget-container\">\n\t\t\t\t\t\t\t<div class=\"elementor-spacer\">\n\t\t\t<div class=\"elementor-spacer-inner\"><\/div>\n\t\t<\/div>\n\t\t\t\t\t\t<\/div>\n\t\t\t\t<\/div>\n\t\t\t\t<div class=\"elementor-element elementor-element-5dd2661 elementor-widget elementor-widget-image\" data-id=\"5dd2661\" data-element_type=\"widget\" data-e-type=\"widget\" data-widget_type=\"image.default\">\n\t\t\t\t<div class=\"elementor-widget-container\">\n\t\t\t\t\t\t\t\t\t\t\t\t\t\t\t\t<a href=\"https:\/\/twitter.com\/intent\/follow?original_referer=https%3A%2F%2F2wrap.com%2F&#038;ref_src=twsrc%5Etfw&#038;region=follow_link&#038;screen_name=2WRAP_worldwide&#038;tw_p=followbutton\">\n\t\t\t\t\t\t\t<img fetchpriority=\"high\" decoding=\"async\" width=\"300\" height=\"218\" src=\"https:\/\/2wrap.com\/wp-content\/uploads\/2021\/06\/Twitter-300x218.png\" class=\"attachment-medium size-medium wp-image-10594\" alt=\"\" srcset=\"https:\/\/2wrap.com\/wp-content\/uploads\/2021\/06\/Twitter-300x218.png 300w, https:\/\/2wrap.com\/wp-content\/uploads\/2021\/06\/Twitter-600x436.png 600w, https:\/\/2wrap.com\/wp-content\/uploads\/2021\/06\/Twitter-1024x744.png 1024w, https:\/\/2wrap.com\/wp-content\/uploads\/2021\/06\/Twitter-768x558.png 768w, https:\/\/2wrap.com\/wp-content\/uploads\/2021\/06\/Twitter-1536x1116.png 1536w, https:\/\/2wrap.com\/wp-content\/uploads\/2021\/06\/Twitter-1x1.png 1w, https:\/\/2wrap.com\/wp-content\/uploads\/2021\/06\/Twitter-1568x1139.png 1568w, https:\/\/2wrap.com\/wp-content\/uploads\/2021\/06\/Twitter.png 2048w\" sizes=\"(max-width: 300px) 100vw, 300px\" \/>\t\t\t\t\t\t\t\t<\/a>\n\t\t\t\t\t\t\t\t\t\t\t\t\t\t\t<\/div>\n\t\t\t\t<\/div>\n\t\t\t\t<div class=\"elementor-element elementor-element-a99fd21 elementor-widget elementor-widget-spacer\" data-id=\"a99fd21\" data-element_type=\"widget\" data-e-type=\"widget\" data-widget_type=\"spacer.default\">\n\t\t\t\t<div class=\"elementor-widget-container\">\n\t\t\t\t\t\t\t<div class=\"elementor-spacer\">\n\t\t\t<div class=\"elementor-spacer-inner\"><\/div>\n\t\t<\/div>\n\t\t\t\t\t\t<\/div>\n\t\t\t\t<\/div>\n\t\t\t\t\t<\/div>\n\t\t<\/div>\n\t\t\t\t\t<\/div>\n\t\t<\/section>\n\t\t\t\t<section data-angle=\"-45deg\" data-color=\"#00389B,#02A8F9\" class=\"has_eae_slider elementor-section elementor-top-section elementor-element elementor-element-e6822f0 elementor-section-stretched eae-animated-gradient-yes elementor-section-height-full elementor-section-boxed elementor-section-height-default elementor-section-items-middle\" data-eae-slider=\"18999\" data-particle_enable=\"false\" data-particle-mobile-disabled=\"false\" data-id=\"e6822f0\" data-element_type=\"section\" data-e-type=\"section\" data-settings=\"{&quot;stretch_section&quot;:&quot;section-stretched&quot;,&quot;background_background&quot;:&quot;classic&quot;}\">\n\t\t\t\t\t\t\t<div class=\"elementor-background-overlay\"><\/div>\n\t\t\t\t\t\t\t<div class=\"elementor-container elementor-column-gap-default\">\n\t\t\t\t\t<div class=\"has_eae_slider elementor-column elementor-col-100 elementor-top-column elementor-element elementor-element-45d3341\" data-eae-slider=\"41388\" data-id=\"45d3341\" data-element_type=\"column\" data-e-type=\"column\">\n\t\t\t<div class=\"elementor-widget-wrap elementor-element-populated\">\n\t\t\t\t\t\t<div class=\"elementor-element elementor-element-18d622f elementor-widget elementor-widget-spacer\" data-id=\"18d622f\" data-element_type=\"widget\" data-e-type=\"widget\" data-widget_type=\"spacer.default\">\n\t\t\t\t<div class=\"elementor-widget-container\">\n\t\t\t\t\t\t\t<div class=\"elementor-spacer\">\n\t\t\t<div class=\"elementor-spacer-inner\"><\/div>\n\t\t<\/div>\n\t\t\t\t\t\t<\/div>\n\t\t\t\t<\/div>\n\t\t\t\t<div class=\"elementor-element elementor-element-da8bfdc elementor-widget elementor-widget-image\" data-id=\"da8bfdc\" data-element_type=\"widget\" data-e-type=\"widget\" data-widget_type=\"image.default\">\n\t\t\t\t<div class=\"elementor-widget-container\">\n\t\t\t\t\t\t\t\t\t\t\t\t\t\t\t<img decoding=\"async\" width=\"300\" height=\"300\" src=\"https:\/\/2wrap.com\/wp-content\/uploads\/2021\/07\/faceb-300x300.png\" class=\"attachment-medium size-medium wp-image-12106\" alt=\"\" srcset=\"https:\/\/2wrap.com\/wp-content\/uploads\/2021\/07\/faceb-300x300.png 300w, https:\/\/2wrap.com\/wp-content\/uploads\/2021\/07\/faceb-100x100.png 100w, https:\/\/2wrap.com\/wp-content\/uploads\/2021\/07\/faceb-600x600.png 600w, https:\/\/2wrap.com\/wp-content\/uploads\/2021\/07\/faceb-1024x1024.png 1024w, https:\/\/2wrap.com\/wp-content\/uploads\/2021\/07\/faceb-150x150.png 150w, https:\/\/2wrap.com\/wp-content\/uploads\/2021\/07\/faceb-768x768.png 768w, https:\/\/2wrap.com\/wp-content\/uploads\/2021\/07\/faceb-1536x1536.png 1536w, https:\/\/2wrap.com\/wp-content\/uploads\/2021\/07\/faceb-1x1.png 1w, https:\/\/2wrap.com\/wp-content\/uploads\/2021\/07\/faceb-250x250.png 250w, https:\/\/2wrap.com\/wp-content\/uploads\/2021\/07\/faceb-120x120.png 120w, https:\/\/2wrap.com\/wp-content\/uploads\/2021\/07\/faceb-1568x1568.png 1568w, https:\/\/2wrap.com\/wp-content\/uploads\/2021\/07\/faceb.png 2000w\" sizes=\"(max-width: 300px) 100vw, 300px\" \/>\t\t\t\t\t\t\t\t\t\t\t\t\t\t\t<\/div>\n\t\t\t\t<\/div>\n\t\t\t\t<div class=\"elementor-element elementor-element-4120398 elementor-widget elementor-widget-spacer\" data-id=\"4120398\" data-element_type=\"widget\" data-e-type=\"widget\" data-widget_type=\"spacer.default\">\n\t\t\t\t<div class=\"elementor-widget-container\">\n\t\t\t\t\t\t\t<div class=\"elementor-spacer\">\n\t\t\t<div class=\"elementor-spacer-inner\"><\/div>\n\t\t<\/div>\n\t\t\t\t\t\t<\/div>\n\t\t\t\t<\/div>\n\t\t\t\t\t<\/div>\n\t\t<\/div>\n\t\t\t\t\t<\/div>\n\t\t<\/section>\n\t\t\t\t<section class=\"has_eae_slider elementor-section elementor-top-section elementor-element elementor-element-5c9b9c6 elementor-section-boxed elementor-section-height-default elementor-section-height-default\" data-eae-slider=\"79075\" data-particle_enable=\"false\" data-particle-mobile-disabled=\"false\" data-id=\"5c9b9c6\" data-element_type=\"section\" data-e-type=\"section\">\n\t\t\t\t\t\t<div class=\"elementor-container elementor-column-gap-default\">\n\t\t\t\t\t<div class=\"has_eae_slider elementor-column elementor-col-100 elementor-top-column elementor-element elementor-element-e89b329\" data-eae-slider=\"96563\" data-id=\"e89b329\" data-element_type=\"column\" data-e-type=\"column\">\n\t\t\t<div class=\"elementor-widget-wrap elementor-element-populated\">\n\t\t\t\t\t\t<div class=\"elementor-element elementor-element-2d8dff4 elementor-widget elementor-widget-spacer\" data-id=\"2d8dff4\" data-element_type=\"widget\" data-e-type=\"widget\" data-widget_type=\"spacer.default\">\n\t\t\t\t<div class=\"elementor-widget-container\">\n\t\t\t\t\t\t\t<div class=\"elementor-spacer\">\n\t\t\t<div class=\"elementor-spacer-inner\"><\/div>\n\t\t<\/div>\n\t\t\t\t\t\t<\/div>\n\t\t\t\t<\/div>\n\t\t\t\t<div class=\"elementor-element elementor-element-1687bb1 elementor-widget elementor-widget-heading\" data-id=\"1687bb1\" data-element_type=\"widget\" data-e-type=\"widget\" data-widget_type=\"heading.default\">\n\t\t\t\t<div class=\"elementor-widget-container\">\n\t\t\t\t\t<h2 class=\"elementor-heading-title elementor-size-default\">Bedankt voor het volgen<\/h2>\t\t\t\t<\/div>\n\t\t\t\t<\/div>\n\t\t\t\t<div class=\"elementor-element elementor-element-f58425c elementor-widget elementor-widget-spacer\" data-id=\"f58425c\" data-element_type=\"widget\" data-e-type=\"widget\" data-widget_type=\"spacer.default\">\n\t\t\t\t<div class=\"elementor-widget-container\">\n\t\t\t\t\t\t\t<div class=\"elementor-spacer\">\n\t\t\t<div class=\"elementor-spacer-inner\"><\/div>\n\t\t<\/div>\n\t\t\t\t\t\t<\/div>\n\t\t\t\t<\/div>\n\t\t\t\t\t<\/div>\n\t\t<\/div>\n\t\t\t\t\t<\/div>\n\t\t<\/section>\n\t\t\t\t<\/div>","protected":false},"excerpt":{"rendered":"<p>Fleetmarketing in volle gang! \ud83d\ude97\u2728 Breng de Guess Jeans influencers in stijl naar Coachella. ... Fleetmarketing in volle gang! \ud83d\ude97\u2728 Breng de Guess Jeans influencers in stijl naar Coachella. ... Fleetmarketing in volle gang! \ud83d\ude97\u2728 Breng de Guess Jeans be\u00efnvloeders in stijl naar Coachella. ... Luxe veranderen, \u00e9\u00e9n steek per keer! \ud83d\udecd\ufe0f\u2728 Opgewonden om ... <\/p>\n<p class=\"link-more\"><a href=\"https:\/\/2wrap.com\/nl\/social-media\/\" class=\"more-link\">Lees verder<span class=\"screen-reader-text\"> \"sociale media\"<\/span><\/a><\/p>","protected":false},"author":3,"featured_media":4172,"parent":0,"menu_order":6,"comment_status":"closed","ping_status":"closed","template":"","meta":{"_acf_changed":false,"_mbp_gutenberg_autopost":false,"_metasync_otto_title":"","_metasync_otto_description":"","_metasync_otto_keywords":"","_metasync_otto_og_title":"","_metasync_otto_og_description":"","_metasync_otto_twitter_title":"","_metasync_otto_twitter_description":"","rank_math_title":"2wrap Social Media | Vehicle & Boat Wrapping in LA","rank_math_description":"Follow 2wrap on social media for vehicle, boat, and yacht wrapping projects in Los Angeles and Belgium. Updates, photos, and news.","_yoast_wpseo_title":"2wrap Social Media | Vehicle & Boat Wrapping in LA","_yoast_wpseo_metadesc":"Follow 2wrap on social media for vehicle, boat, and yacht wrapping projects in Los Angeles and Belgium. Updates, photos, and news.","_aioseo_title":"","_aioseo_description":"","_metasync_seo_title":"","_metasync_seo_desc":"","_metasync_otto_disabled":"","footnotes":""},"class_list":["post-2662","page","type-page","status-publish","has-post-thumbnail","hentry","entry"],"acf":[],"_links":{"self":[{"href":"https:\/\/2wrap.com\/nl\/wp-json\/wp\/v2\/pages\/2662","targetHints":{"allow":["GET"]}}],"collection":[{"href":"https:\/\/2wrap.com\/nl\/wp-json\/wp\/v2\/pages"}],"about":[{"href":"https:\/\/2wrap.com\/nl\/wp-json\/wp\/v2\/types\/page"}],"author":[{"embeddable":true,"href":"https:\/\/2wrap.com\/nl\/wp-json\/wp\/v2\/users\/3"}],"replies":[{"embeddable":true,"href":"https:\/\/2wrap.com\/nl\/wp-json\/wp\/v2\/comments?post=2662"}],"version-history":[{"count":1,"href":"https:\/\/2wrap.com\/nl\/wp-json\/wp\/v2\/pages\/2662\/revisions"}],"predecessor-version":[{"id":22915,"href":"https:\/\/2wrap.com\/nl\/wp-json\/wp\/v2\/pages\/2662\/revisions\/22915"}],"wp:featuredmedia":[{"embeddable":true,"href":"https:\/\/2wrap.com\/nl\/wp-json\/wp\/v2\/media\/4172"}],"wp:attachment":[{"href":"https:\/\/2wrap.com\/nl\/wp-json\/wp\/v2\/media?parent=2662"}],"curies":[{"name":"wp","href":"https:\/\/api.w.org\/{rel}","templated":true}]}}